{"id":1050,"date":"2026-03-26T10:18:28","date_gmt":"2026-03-26T09:18:28","guid":{"rendered":"https:\/\/003school.bbsw-worms.de\/?page_id=1050"},"modified":"2026-03-26T10:59:19","modified_gmt":"2026-03-26T09:59:19","slug":"contract","status":"publish","type":"page","link":"https:\/\/003school.bbsw-worms.de\/?page_id=1050","title":{"rendered":"Contract"},"content":{"rendered":"\t\t<div data-elementor-type=\"wp-page\" data-elementor-id=\"1050\" class=\"elementor elementor-1050\">\n\t\t\t\t<div class=\"elementor-element elementor-element-39686d7 e-flex e-con-boxed e-con e-parent\" data-id=\"39686d7\" data-element_type=\"container\">\n\t\t\t\t\t<div class=\"e-con-inner\">\n\t\t\t\t<div class=\"elementor-element elementor-element-f1b3d11 elementor-widget elementor-widget-text-editor\" data-id=\"f1b3d11\" data-element_type=\"widget\" data-widget_type=\"text-editor.default\">\n\t\t\t\t\t\t\t\t\t<p>Wir bieten Lager- und Lieferkettenl\u00f6sungen f\u00fcr die Luft- und Raumfahrt, Automobilindustrie, Konsumg\u00fcterindustrie, Hightech-Branche, f\u00fcr den Industriesektor sowie f\u00fcr die Pharma- und Gesundheitsindustrie.<\/p><p>Unsere Experten helfen Ihnen, die richtige L\u00f6sung f\u00fcr Ihr Unternehmen zu finden. Egal, ob Sie nach Produktions-, Verpackungs-, Vertriebs- oder E-Commerce-L\u00f6sungen suchen, wir begleiten Sie bei jedem Schritt.<\/p><p>Unsere Services f\u00fcr Sie:<\/p><ul><li>Ersatzteillogistik<\/li><li>Produktionslogistik<\/li><li>E-Commerce-Logistik \u2013 KN OmniChain<\/li><li>Verpackungsl\u00f6sungen<\/li><li>Distribution<\/li><li>Innovationszentren<\/li><\/ul>\t\t\t\t\t\t\t\t<\/div>\n\t\t\t\t\t<\/div>\n\t\t\t\t<\/div>\n\t\t<div class=\"elementor-element elementor-element-8fd6030 e-flex e-con-boxed e-con e-parent\" data-id=\"8fd6030\" data-element_type=\"container\">\n\t\t\t\t\t<div class=\"e-con-inner\">\n\t\t\t\t<div class=\"elementor-element elementor-element-e03b55b elementor-widget elementor-widget-text-editor\" data-id=\"e03b55b\" data-element_type=\"widget\" data-widget_type=\"text-editor.default\">\n\t\t\t\t\t\t\t\t\t<p><span style=\"font-size: 12pt;\"><strong><span style=\"font-family: arial, helvetica, sans-serif;\">Sprechen Sie uns an. Wir beraten Sie gerne<\/span><\/strong><\/span><\/p>\t\t\t\t\t\t\t\t<\/div>\n\t\t\t\t\t<\/div>\n\t\t\t\t<\/div>\n\t\t<div class=\"elementor-element elementor-element-4ebe66a e-grid e-con-boxed e-con e-parent\" data-id=\"4ebe66a\" data-element_type=\"container\">\n\t\t\t\t\t<div class=\"e-con-inner\">\n\t\t\t\t<div class=\"elementor-element elementor-element-d13ed68 elementor-widget elementor-widget-image\" data-id=\"d13ed68\" data-element_type=\"widget\" data-widget_type=\"image.default\">\n\t\t\t\t\t\t\t\t\t\t\t\t\t\t\t<img fetchpriority=\"high\" decoding=\"async\" width=\"722\" height=\"963\" src=\"https:\/\/003school.bbsw-worms.de\/wp-content\/uploads\/2026\/03\/Contract_picture.jpg\" class=\"attachment-large size-large wp-image-1096\" alt=\"\" srcset=\"https:\/\/003school.bbsw-worms.de\/wp-content\/uploads\/2026\/03\/Contract_picture.jpg 722w, https:\/\/003school.bbsw-worms.de\/wp-content\/uploads\/2026\/03\/Contract_picture-225x300.jpg 225w, https:\/\/003school.bbsw-worms.de\/wp-content\/uploads\/2026\/03\/Contract_picture-600x800.jpg 600w\" sizes=\"(max-width: 722px) 100vw, 722px\" \/>\t\t\t\t\t\t\t\t\t\t\t\t\t\t\t<\/div>\n\t\t\t\t<div class=\"elementor-element elementor-element-1de54b5 elementor-align-center elementor-widget elementor-widget-button\" data-id=\"1de54b5\" data-element_type=\"widget\" data-widget_type=\"button.default\">\n\t\t\t\t\t\t\t\t\t\t<a class=\"elementor-button elementor-button-link elementor-size-sm elementor-animation-shrink\" href=\"https:\/\/003school.bbsw-worms.de\/?page_id=1048\">\n\t\t\t\t\t\t<span class=\"elementor-button-content-wrapper\">\n\t\t\t\t\t\t<span class=\"elementor-button-icon\">\n\t\t\t\t<svg aria-hidden=\"true\" class=\"e-font-icon-svg e-fas-info-circle\" viewBox=\"0 0 512 512\" xmlns=\"http:\/\/www.w3.org\/2000\/svg\"><path d=\"M256 8C119.043 8 8 119.083 8 256c0 136.997 111.043 248 248 248s248-111.003 248-248C504 119.083 392.957 8 256 8zm0 110c23.196 0 42 18.804 42 42s-18.804 42-42 42-42-18.804-42-42 18.804-42 42-42zm56 254c0 6.627-5.373 12-12 12h-88c-6.627 0-12-5.373-12-12v-24c0-6.627 5.373-12 12-12h12v-64h-12c-6.627 0-12-5.373-12-12v-24c0-6.627 5.373-12 12-12h64c6.627 0 12 5.373 12 12v100h12c6.627 0 12 5.373 12 12v24z\"><\/path><\/svg>\t\t\t<\/span>\n\t\t\t\t\t\t\t\t\t<span class=\"elementor-button-text\">Jetzt Anfragen<\/span>\n\t\t\t\t\t<\/span>\n\t\t\t\t\t<\/a>\n\t\t\t\t\t\t\t\t<\/div>\n\t\t\t\t\t<\/div>\n\t\t\t\t<\/div>\n\t\t\t\t<\/div>\n\t\t","protected":false},"excerpt":{"rendered":"<p>Wir bieten Lager- und Lieferkettenl\u00f6sungen f\u00fcr die Luft- und Raumfahrt, Automobilindustrie, Konsumg\u00fcterindustrie, Hightech-Branche, f\u00fcr den Industriesektor sowie f\u00fcr die Pharma- und Gesundheitsindustrie. Unsere Experten helfen Ihnen, die richtige L\u00f6sung f\u00fcr Ihr Unternehmen zu finden. Egal, ob Sie nach Produktions-, Verpackungs-, Vertriebs- oder E-Commerce-L\u00f6sungen suchen, wir begleiten Sie bei jedem Schritt. Unsere Services f\u00fcr Sie: Ersatzteillogistik [&hellip;]<\/p>\n","protected":false},"author":2,"featured_media":0,"parent":0,"menu_order":0,"comment_status":"closed","ping_status":"closed","template":"","meta":{"footnotes":""},"class_list":["post-1050","page","type-page","status-publish","hentry"],"_links":{"self":[{"href":"https:\/\/003school.bbsw-worms.de\/index.php?rest_route=\/wp\/v2\/pages\/1050","targetHints":{"allow":["GET"]}}],"collection":[{"href":"https:\/\/003school.bbsw-worms.de\/index.php?rest_route=\/wp\/v2\/pages"}],"about":[{"href":"https:\/\/003school.bbsw-worms.de\/index.php?rest_route=\/wp\/v2\/types\/page"}],"author":[{"embeddable":true,"href":"https:\/\/003school.bbsw-worms.de\/index.php?rest_route=\/wp\/v2\/users\/2"}],"replies":[{"embeddable":true,"href":"https:\/\/003school.bbsw-worms.de\/index.php?rest_route=%2Fwp%2Fv2%2Fcomments&post=1050"}],"version-history":[{"count":10,"href":"https:\/\/003school.bbsw-worms.de\/index.php?rest_route=\/wp\/v2\/pages\/1050\/revisions"}],"predecessor-version":[{"id":1113,"href":"https:\/\/003school.bbsw-worms.de\/index.php?rest_route=\/wp\/v2\/pages\/1050\/revisions\/1113"}],"wp:attachment":[{"href":"https:\/\/003school.bbsw-worms.de\/index.php?rest_route=%2Fwp%2Fv2%2Fmedia&parent=1050"}],"curies":[{"name":"wp","href":"https:\/\/api.w.org\/{rel}","templated":true}]}}